{"id":13,"date":"2025-09-24T14:14:59","date_gmt":"2025-09-24T14:14:59","guid":{"rendered":"https:\/\/barplazagordoniz.rkinformatika.online\/?page_id=13"},"modified":"2025-10-13T15:31:47","modified_gmt":"2025-10-13T15:31:47","slug":"productos","status":"publish","type":"page","link":"https:\/\/barplazagordoniz.com\/eu\/productos\/","title":{"rendered":"Produktuak"},"content":{"rendered":"\t\t<div data-elementor-type=\"wp-page\" data-elementor-id=\"13\" class=\"elementor elementor-13\" data-elementor-post-type=\"page\">\n\t\t\t\t<div class=\"elementor-element elementor-element-3891725 e-flex e-con-boxed e-con e-parent\" data-id=\"3891725\" data-element_type=\"container\" data-e-type=\"container\" data-settings=\"{&quot;background_background&quot;:&quot;slideshow&quot;,&quot;background_slideshow_gallery&quot;:[{&quot;id&quot;:139,&quot;url&quot;:&quot;https:\\\/\\\/barplazagordoniz.com\\\/wp-content\\\/uploads\\\/2025\\\/10\\\/7275.jpg&quot;},{&quot;id&quot;:140,&quot;url&quot;:&quot;https:\\\/\\\/barplazagordoniz.com\\\/wp-content\\\/uploads\\\/2025\\\/10\\\/35883.jpg&quot;}],&quot;background_slideshow_lazyload&quot;:&quot;yes&quot;,&quot;background_slideshow_ken_burns&quot;:&quot;yes&quot;,&quot;background_slideshow_loop&quot;:&quot;yes&quot;,&quot;background_slideshow_slide_duration&quot;:5000,&quot;background_slideshow_slide_transition&quot;:&quot;fade&quot;,&quot;background_slideshow_transition_duration&quot;:500,&quot;background_slideshow_ken_burns_zoom_direction&quot;:&quot;in&quot;}\">\n\t\t\t\t\t<div class=\"e-con-inner\">\n\t\t<div class=\"elementor-element elementor-element-18ab63c e-con-full e-flex e-con e-child\" data-id=\"18ab63c\" data-element_type=\"container\" data-e-type=\"container\">\n\t\t\t\t<div class=\"elementor-element elementor-element-0c2c6a5 elementor-widget elementor-widget-heading\" data-id=\"0c2c6a5\" data-element_type=\"widget\" data-e-type=\"widget\" data-widget_type=\"heading.default\">\n\t\t\t\t\t<h2 class=\"elementor-heading-title elementor-size-default\">vive la experiencia Bar Plaza<\/h2>\t\t\t\t<\/div>\n\t\t\t\t<div class=\"elementor-element elementor-element-aa28957 elementor-widget elementor-widget-heading\" data-id=\"aa28957\" data-element_type=\"widget\" data-e-type=\"widget\" data-widget_type=\"heading.default\">\n\t\t\t\t\t<h2 class=\"elementor-heading-title elementor-size-default\">\u00a1Te esperamos|<\/h2>\t\t\t\t<\/div>\n\t\t\t\t<\/div>\n\t\t\t\t\t<\/div>\n\t\t\t\t<\/div>\n\t\t<div class=\"elementor-element elementor-element-d21ae3b e-flex e-con-boxed e-con e-parent\" data-id=\"d21ae3b\" data-element_type=\"container\" data-e-type=\"container\">\n\t\t\t\t\t<div class=\"e-con-inner\">\n\t\t<div class=\"elementor-element elementor-element-0de7044 e-con-full e-flex e-con e-child\" data-id=\"0de7044\" data-element_type=\"container\" data-e-type=\"container\">\n\t\t\t\t<div class=\"elementor-element elementor-element-66d7597 elementor-widget elementor-widget-heading\" data-id=\"66d7597\" data-element_type=\"widget\" data-e-type=\"widget\" data-widget_type=\"heading.default\">\n\t\t\t\t\t<h2 class=\"elementor-heading-title elementor-size-default\">Caf\u00e9s y Desayunos<\/h2>\t\t\t\t<\/div>\n\t\t\t\t<div class=\"elementor-element elementor-element-b05fcfb elementor-widget elementor-widget-text-editor\" data-id=\"b05fcfb\" data-element_type=\"widget\" data-e-type=\"widget\" data-widget_type=\"text-editor.default\">\n\t\t\t\t\t\t\t\t\t<p>Comienza el d\u00eda con energ\u00eda. Te ofrecemos una amplia variedad de caf\u00e9s, infusiones y chocolates calientes, acompa\u00f1ados de boller\u00eda reci\u00e9n horneada, tostadas crujientes y zumos naturales.<br data-start=\"719\" data-end=\"722\" \/>Ideal para empezar la ma\u00f1ana con una sonrisa o para tomarte un respiro a media ma\u00f1ana.<\/p>\t\t\t\t\t\t\t\t<\/div>\n\t\t\t\t<\/div>\n\t\t<div class=\"elementor-element elementor-element-5aed191 e-con-full e-flex e-con e-child\" data-id=\"5aed191\" data-element_type=\"container\" data-e-type=\"container\">\n\t\t\t\t<div class=\"elementor-element elementor-element-6c75fb0 elementor-widget elementor-widget-image\" data-id=\"6c75fb0\" data-element_type=\"widget\" data-e-type=\"widget\" data-widget_type=\"image.default\">\n\t\t\t\t\t\t\t\t\t\t\t\t\t\t\t<img fetchpriority=\"high\" decoding=\"async\" width=\"800\" height=\"534\" src=\"https:\/\/barplazagordoniz.com\/wp-content\/uploads\/2025\/10\/6851-1024x683.jpg\" class=\"attachment-large size-large wp-image-156\" alt=\"\" srcset=\"https:\/\/barplazagordoniz.com\/wp-content\/uploads\/2025\/10\/6851-1024x683.jpg 1024w, https:\/\/barplazagordoniz.com\/wp-content\/uploads\/2025\/10\/6851-300x200.jpg 300w, https:\/\/barplazagordoniz.com\/wp-content\/uploads\/2025\/10\/6851-768x512.jpg 768w, https:\/\/barplazagordoniz.com\/wp-content\/uploads\/2025\/10\/6851-18x12.jpg 18w, https:\/\/barplazagordoniz.com\/wp-content\/uploads\/2025\/10\/6851.jpg 1500w\" sizes=\"(max-width: 800px) 100vw, 800px\" \/>\t\t\t\t\t\t\t\t\t\t\t\t\t\t\t<\/div>\n\t\t\t\t<\/div>\n\t\t<div class=\"elementor-element elementor-element-4feaeaf e-con-full e-flex e-con e-child\" data-id=\"4feaeaf\" data-element_type=\"container\" data-e-type=\"container\">\n\t\t\t\t<div class=\"elementor-element elementor-element-5166dee elementor-widget elementor-widget-image\" data-id=\"5166dee\" data-element_type=\"widget\" data-e-type=\"widget\" data-widget_type=\"image.default\">\n\t\t\t\t\t\t\t\t\t\t\t\t\t\t\t<img decoding=\"async\" width=\"800\" height=\"534\" src=\"https:\/\/barplazagordoniz.com\/wp-content\/uploads\/2025\/10\/22223279-1024x683.jpg\" class=\"attachment-large size-large wp-image-157\" alt=\"\" srcset=\"https:\/\/barplazagordoniz.com\/wp-content\/uploads\/2025\/10\/22223279-1024x683.jpg 1024w, https:\/\/barplazagordoniz.com\/wp-content\/uploads\/2025\/10\/22223279-300x200.jpg 300w, https:\/\/barplazagordoniz.com\/wp-content\/uploads\/2025\/10\/22223279-768x512.jpg 768w, https:\/\/barplazagordoniz.com\/wp-content\/uploads\/2025\/10\/22223279-18x12.jpg 18w, https:\/\/barplazagordoniz.com\/wp-content\/uploads\/2025\/10\/22223279.jpg 1500w\" sizes=\"(max-width: 800px) 100vw, 800px\" \/>\t\t\t\t\t\t\t\t\t\t\t\t\t\t\t<\/div>\n\t\t\t\t<\/div>\n\t\t<div class=\"elementor-element elementor-element-431abcb e-con-full e-flex e-con e-child\" data-id=\"431abcb\" data-element_type=\"container\" data-e-type=\"container\">\n\t\t\t\t<div class=\"elementor-element elementor-element-f82279d elementor-widget elementor-widget-heading\" data-id=\"f82279d\" data-element_type=\"widget\" data-e-type=\"widget\" data-widget_type=\"heading.default\">\n\t\t\t\t\t<h2 class=\"elementor-heading-title elementor-size-default\">S\u00e1ndwiches y Bocadillos<\/h2>\t\t\t\t<\/div>\n\t\t\t\t<div class=\"elementor-element elementor-element-575471d elementor-widget elementor-widget-text-editor\" data-id=\"575471d\" data-element_type=\"widget\" data-e-type=\"widget\" data-widget_type=\"text-editor.default\">\n\t\t\t\t\t\t\t\t\t<p>Nuestros s\u00e1ndwiches y bocadillos se preparan al momento, con pan fresco y productos de primera calidad.<br data-start=\"961\" data-end=\"964\" \/>Elige entre los cl\u00e1sicos mixtos, vegetal, pollo, jam\u00f3n y queso, o prueba nuestras combinaciones especiales.<br data-start=\"1071\" data-end=\"1074\" \/>Perfectos para comer r\u00e1pido, pero bien.<\/p>\t\t\t\t\t\t\t\t<\/div>\n\t\t\t\t<\/div>\n\t\t<div class=\"elementor-element elementor-element-e89dc28 e-con-full e-flex e-con e-child\" data-id=\"e89dc28\" data-element_type=\"container\" data-e-type=\"container\">\n\t\t\t\t<div class=\"elementor-element elementor-element-f4faec8 elementor-widget elementor-widget-heading\" data-id=\"f4faec8\" data-element_type=\"widget\" data-e-type=\"widget\" data-widget_type=\"heading.default\">\n\t\t\t\t\t<h2 class=\"elementor-heading-title elementor-size-default\">Pintxos Variados<\/h2>\t\t\t\t<\/div>\n\t\t\t\t<div class=\"elementor-element elementor-element-4d249ad elementor-widget elementor-widget-text-editor\" data-id=\"4d249ad\" data-element_type=\"widget\" data-e-type=\"widget\" data-widget_type=\"text-editor.default\">\n\t\t\t\t\t\t\t\t\t<p>El alma de nuestro bar. Cada d\u00eda encontrar\u00e1s una selecci\u00f3n de pintxos fr\u00edos y calientes, desde los m\u00e1s tradicionales hasta opciones m\u00e1s creativas.<br data-start=\"1302\" data-end=\"1305\" \/>Tortilla de patata, croquetas caseras, gildas, mini hamburguesas, pintxos de mar y tierra\u2026 \u00a1una variedad que cambia constantemente para que siempre haya algo nuevo que probar!<\/p>\t\t\t\t\t\t\t\t<\/div>\n\t\t\t\t<\/div>\n\t\t<div class=\"elementor-element elementor-element-a083383 e-con-full e-flex e-con e-child\" data-id=\"a083383\" data-element_type=\"container\" data-e-type=\"container\">\n\t\t\t\t<div class=\"elementor-element elementor-element-7ed9172 elementor-widget elementor-widget-image\" data-id=\"7ed9172\" data-element_type=\"widget\" data-e-type=\"widget\" data-widget_type=\"image.default\">\n\t\t\t\t\t\t\t\t\t\t\t\t\t\t\t<img decoding=\"async\" width=\"800\" height=\"534\" src=\"https:\/\/barplazagordoniz.com\/wp-content\/uploads\/2025\/10\/21819-1024x683.jpg\" class=\"attachment-large size-large wp-image-129\" alt=\"\" srcset=\"https:\/\/barplazagordoniz.com\/wp-content\/uploads\/2025\/10\/21819-1024x683.jpg 1024w, https:\/\/barplazagordoniz.com\/wp-content\/uploads\/2025\/10\/21819-300x200.jpg 300w, https:\/\/barplazagordoniz.com\/wp-content\/uploads\/2025\/10\/21819-768x512.jpg 768w, https:\/\/barplazagordoniz.com\/wp-content\/uploads\/2025\/10\/21819-18x12.jpg 18w, https:\/\/barplazagordoniz.com\/wp-content\/uploads\/2025\/10\/21819.jpg 1500w\" sizes=\"(max-width: 800px) 100vw, 800px\" \/>\t\t\t\t\t\t\t\t\t\t\t\t\t\t\t<\/div>\n\t\t\t\t<\/div>\n\t\t<div class=\"elementor-element elementor-element-b1fbbad e-con-full e-flex e-con e-child\" data-id=\"b1fbbad\" data-element_type=\"container\" data-e-type=\"container\">\n\t\t\t\t<div class=\"elementor-element elementor-element-3519d5f elementor-widget elementor-widget-image\" data-id=\"3519d5f\" data-element_type=\"widget\" data-e-type=\"widget\" data-widget_type=\"image.default\">\n\t\t\t\t\t\t\t\t\t\t\t\t\t\t\t<img loading=\"lazy\" decoding=\"async\" width=\"800\" height=\"534\" src=\"https:\/\/barplazagordoniz.com\/wp-content\/uploads\/2025\/10\/2148374936-1024x683.jpg\" class=\"attachment-large size-large wp-image-159\" alt=\"\" srcset=\"https:\/\/barplazagordoniz.com\/wp-content\/uploads\/2025\/10\/2148374936-1024x683.jpg 1024w, https:\/\/barplazagordoniz.com\/wp-content\/uploads\/2025\/10\/2148374936-300x200.jpg 300w, https:\/\/barplazagordoniz.com\/wp-content\/uploads\/2025\/10\/2148374936-768x513.jpg 768w, https:\/\/barplazagordoniz.com\/wp-content\/uploads\/2025\/10\/2148374936-18x12.jpg 18w, https:\/\/barplazagordoniz.com\/wp-content\/uploads\/2025\/10\/2148374936.jpg 1500w\" sizes=\"(max-width: 800px) 100vw, 800px\" \/>\t\t\t\t\t\t\t\t\t\t\t\t\t\t\t<\/div>\n\t\t\t\t<\/div>\n\t\t<div class=\"elementor-element elementor-element-3815a77 e-con-full e-flex e-con e-child\" data-id=\"3815a77\" data-element_type=\"container\" data-e-type=\"container\">\n\t\t\t\t<div class=\"elementor-element elementor-element-03a5541 elementor-widget elementor-widget-heading\" data-id=\"03a5541\" data-element_type=\"widget\" data-e-type=\"widget\" data-widget_type=\"heading.default\">\n\t\t\t\t\t<h2 class=\"elementor-heading-title elementor-size-default\">Raciones para Compartir<\/h2>\t\t\t\t<\/div>\n\t\t\t\t<div class=\"elementor-element elementor-element-bb20810 elementor-widget elementor-widget-text-editor\" data-id=\"bb20810\" data-element_type=\"widget\" data-e-type=\"widget\" data-widget_type=\"text-editor.default\">\n\t\t\t\t\t\t\t\t\t<p>Porque compartir sabe mejor. Disfruta de nuestras raciones caseras ideales para picar en grupo: calamares, patatas bravas, alb\u00f3ndigas, ensaladilla, jam\u00f3n, chorizo o queso curado, entre otras.<br data-start=\"1725\" data-end=\"1728\" \/>Sabores aut\u00e9nticos que acompa\u00f1an perfectamente una ca\u00f1a, un vino o un refresco.<\/p>\t\t\t\t\t\t\t\t<\/div>\n\t\t\t\t<\/div>\n\t\t\t\t\t<\/div>\n\t\t\t\t<\/div>\n\t\t\t\t<section class=\"elementor-section elementor-top-section elementor-element elementor-element-40e4898 elementor-section-boxed elementor-section-height-default elementor-section-height-default\" data-id=\"40e4898\" data-element_type=\"section\" data-e-type=\"section\" data-settings=\"{&quot;background_background&quot;:&quot;classic&quot;}\">\n\t\t\t\t\t\t\t<div class=\"elementor-background-overlay\"><\/div>\n\t\t\t\t\t\t\t<div class=\"elementor-container elementor-column-gap-default\">\n\t\t\t\t\t<div class=\"elementor-column elementor-col-100 elementor-top-column elementor-element elementor-element-4532591\" data-id=\"4532591\" data-element_type=\"column\" data-e-type=\"column\">\n\t\t\t<div class=\"elementor-widget-wrap elementor-element-populated\">\n\t\t\t\t\t\t<div class=\"elementor-element elementor-element-d3ff5ba elementor-widget elementor-widget-heading\" data-id=\"d3ff5ba\" data-element_type=\"widget\" data-e-type=\"widget\" data-widget_type=\"heading.default\">\n\t\t\t\t\t<h2 class=\"elementor-heading-title elementor-size-default\">Escr\u00edbenos o vis\u00edtanos<\/h2>\t\t\t\t<\/div>\n\t\t\t\t<div class=\"elementor-element elementor-element-7e418bd elementor-widget elementor-widget-text-editor\" data-id=\"7e418bd\" data-element_type=\"widget\" data-e-type=\"widget\" data-widget_type=\"text-editor.default\">\n\t\t\t\t\t\t\t\t\t<p data-start=\"492\" data-end=\"603\">Si quieres conocernos mejor o hacer un encargo, no dudes en contactarnos.<\/p>\t\t\t\t\t\t\t\t<\/div>\n\t\t\t\t<div class=\"elementor-element elementor-element-07fe935 elementor-align-center elementor-widget elementor-widget-button\" data-id=\"07fe935\" data-element_type=\"widget\" data-e-type=\"widget\" data-widget_type=\"button.default\">\n\t\t\t\t\t\t\t\t\t\t<a class=\"elementor-button elementor-button-link elementor-size-sm elementor-animation-hang\" href=\"https:\/\/barplazagordoniz.com\/contactos\/\">\n\t\t\t\t\t\t<span class=\"elementor-button-content-wrapper\">\n\t\t\t\t\t\t\t\t\t<span class=\"elementor-button-text\">Contactanos<\/span>\n\t\t\t\t\t<\/span>\n\t\t\t\t\t<\/a>\n\t\t\t\t\t\t\t\t<\/div>\n\t\t\t\t\t<\/div>\n\t\t<\/div>\n\t\t\t\t\t<\/div>\n\t\t<\/section>\n\t\t\t\t<\/div>\n\t\t","protected":false},"excerpt":{"rendered":"<p>vive la experiencia Bar Plaza \u00a1Te esperamos| Caf\u00e9s y Desayunos Comienza el d\u00eda con energ\u00eda. Te ofrecemos una amplia variedad de caf\u00e9s, infusiones y chocolates calientes, acompa\u00f1ados de boller\u00eda reci\u00e9n horneada, tostadas crujientes y zumos naturales.Ideal para empezar la ma\u00f1ana con una sonrisa o para tomarte un respiro a media ma\u00f1ana. S\u00e1ndwiches y Bocadillos Nuestros [&hellip;]<\/p>\n","protected":false},"author":1,"featured_media":0,"parent":0,"menu_order":0,"comment_status":"closed","ping_status":"closed","template":"elementor_canvas","meta":{"footnotes":""},"class_list":["post-13","page","type-page","status-publish","hentry"],"yoast_head":"<!-- This site is optimized with the Yoast SEO plugin v27.3 - https:\/\/yoast.com\/product\/yoast-seo-wordpress\/ -->\n<title>Productos - Bar Plaza Gordoniz<\/title>\n<meta name=\"robots\" content=\"index, follow, max-snippet:-1, max-image-preview:large, max-video-preview:-1\" \/>\n<link rel=\"canonical\" href=\"https:\/\/barplazagordoniz.com\/eu\/productos\/\" \/>\n<meta property=\"og:locale\" content=\"en_US\" \/>\n<meta property=\"og:type\" content=\"article\" \/>\n<meta property=\"og:title\" content=\"Productos - Bar Plaza Gordoniz\" \/>\n<meta property=\"og:description\" content=\"vive la experiencia Bar Plaza \u00a1Te esperamos| Caf\u00e9s y Desayunos Comienza el d\u00eda con energ\u00eda. Te ofrecemos una amplia variedad de caf\u00e9s, infusiones y chocolates calientes, acompa\u00f1ados de boller\u00eda reci\u00e9n horneada, tostadas crujientes y zumos naturales.Ideal para empezar la ma\u00f1ana con una sonrisa o para tomarte un respiro a media ma\u00f1ana. S\u00e1ndwiches y Bocadillos Nuestros [&hellip;]\" \/>\n<meta property=\"og:url\" content=\"https:\/\/barplazagordoniz.com\/eu\/productos\/\" \/>\n<meta property=\"og:site_name\" content=\"Bar Plaza Gordoniz\" \/>\n<meta property=\"article:modified_time\" content=\"2025-10-13T15:31:47+00:00\" \/>\n<meta property=\"og:image\" content=\"https:\/\/barplazagordoniz.com\/wp-content\/uploads\/2025\/10\/6851-1024x683.jpg\" \/>\n<meta name=\"twitter:card\" content=\"summary_large_image\" \/>\n<meta name=\"twitter:label1\" content=\"Est. reading time\" \/>\n\t<meta name=\"twitter:data1\" content=\"1 minutua\" \/>\n<script type=\"application\/ld+json\" class=\"yoast-schema-graph\">{\"@context\":\"https:\\\/\\\/schema.org\",\"@graph\":[{\"@type\":\"WebPage\",\"@id\":\"https:\\\/\\\/barplazagordoniz.com\\\/productos\\\/\",\"url\":\"https:\\\/\\\/barplazagordoniz.com\\\/productos\\\/\",\"name\":\"Productos - Bar Plaza Gordoniz\",\"isPartOf\":{\"@id\":\"https:\\\/\\\/barplazagordoniz.com\\\/#website\"},\"primaryImageOfPage\":{\"@id\":\"https:\\\/\\\/barplazagordoniz.com\\\/productos\\\/#primaryimage\"},\"image\":{\"@id\":\"https:\\\/\\\/barplazagordoniz.com\\\/productos\\\/#primaryimage\"},\"thumbnailUrl\":\"https:\\\/\\\/barplazagordoniz.com\\\/wp-content\\\/uploads\\\/2025\\\/10\\\/6851-1024x683.jpg\",\"datePublished\":\"2025-09-24T14:14:59+00:00\",\"dateModified\":\"2025-10-13T15:31:47+00:00\",\"breadcrumb\":{\"@id\":\"https:\\\/\\\/barplazagordoniz.com\\\/productos\\\/#breadcrumb\"},\"inLanguage\":\"eu\",\"potentialAction\":[{\"@type\":\"ReadAction\",\"target\":[\"https:\\\/\\\/barplazagordoniz.com\\\/productos\\\/\"]}]},{\"@type\":\"ImageObject\",\"inLanguage\":\"eu\",\"@id\":\"https:\\\/\\\/barplazagordoniz.com\\\/productos\\\/#primaryimage\",\"url\":\"https:\\\/\\\/barplazagordoniz.com\\\/wp-content\\\/uploads\\\/2025\\\/10\\\/6851-1024x683.jpg\",\"contentUrl\":\"https:\\\/\\\/barplazagordoniz.com\\\/wp-content\\\/uploads\\\/2025\\\/10\\\/6851-1024x683.jpg\"},{\"@type\":\"BreadcrumbList\",\"@id\":\"https:\\\/\\\/barplazagordoniz.com\\\/productos\\\/#breadcrumb\",\"itemListElement\":[{\"@type\":\"ListItem\",\"position\":1,\"name\":\"Portada\",\"item\":\"https:\\\/\\\/barplazagordoniz.com\\\/\"},{\"@type\":\"ListItem\",\"position\":2,\"name\":\"Productos\"}]},{\"@type\":\"WebSite\",\"@id\":\"https:\\\/\\\/barplazagordoniz.com\\\/#website\",\"url\":\"https:\\\/\\\/barplazagordoniz.com\\\/\",\"name\":\"Bar Plaza Gordoniz\",\"description\":\"Caf\u00e9 bar familiar y cercano al consumidor\",\"publisher\":{\"@id\":\"https:\\\/\\\/barplazagordoniz.com\\\/#organization\"},\"potentialAction\":[{\"@type\":\"SearchAction\",\"target\":{\"@type\":\"EntryPoint\",\"urlTemplate\":\"https:\\\/\\\/barplazagordoniz.com\\\/?s={search_term_string}\"},\"query-input\":{\"@type\":\"PropertyValueSpecification\",\"valueRequired\":true,\"valueName\":\"search_term_string\"}}],\"inLanguage\":\"eu\"},{\"@type\":\"Organization\",\"@id\":\"https:\\\/\\\/barplazagordoniz.com\\\/#organization\",\"name\":\"Bar Plaza Gordoniz\",\"url\":\"https:\\\/\\\/barplazagordoniz.com\\\/\",\"logo\":{\"@type\":\"ImageObject\",\"inLanguage\":\"eu\",\"@id\":\"https:\\\/\\\/barplazagordoniz.com\\\/#\\\/schema\\\/logo\\\/image\\\/\",\"url\":\"https:\\\/\\\/barplazagordoniz.com\\\/wp-content\\\/uploads\\\/2025\\\/10\\\/cropped-barplaza202506_logoarriba.jpg\",\"contentUrl\":\"https:\\\/\\\/barplazagordoniz.com\\\/wp-content\\\/uploads\\\/2025\\\/10\\\/cropped-barplaza202506_logoarriba.jpg\",\"width\":225,\"height\":222,\"caption\":\"Bar Plaza Gordoniz\"},\"image\":{\"@id\":\"https:\\\/\\\/barplazagordoniz.com\\\/#\\\/schema\\\/logo\\\/image\\\/\"}}]}<\/script>\n<!-- \/ Yoast SEO plugin. -->","yoast_head_json":{"title":"Productos - Bar Plaza Gordoniz","robots":{"index":"index","follow":"follow","max-snippet":"max-snippet:-1","max-image-preview":"max-image-preview:large","max-video-preview":"max-video-preview:-1"},"canonical":"https:\/\/barplazagordoniz.com\/eu\/productos\/","og_locale":"en_US","og_type":"article","og_title":"Productos - Bar Plaza Gordoniz","og_description":"vive la experiencia Bar Plaza \u00a1Te esperamos| Caf\u00e9s y Desayunos Comienza el d\u00eda con energ\u00eda. Te ofrecemos una amplia variedad de caf\u00e9s, infusiones y chocolates calientes, acompa\u00f1ados de boller\u00eda reci\u00e9n horneada, tostadas crujientes y zumos naturales.Ideal para empezar la ma\u00f1ana con una sonrisa o para tomarte un respiro a media ma\u00f1ana. S\u00e1ndwiches y Bocadillos Nuestros [&hellip;]","og_url":"https:\/\/barplazagordoniz.com\/eu\/productos\/","og_site_name":"Bar Plaza Gordoniz","article_modified_time":"2025-10-13T15:31:47+00:00","og_image":[{"url":"https:\/\/barplazagordoniz.com\/wp-content\/uploads\/2025\/10\/6851-1024x683.jpg","type":"","width":"","height":""}],"twitter_card":"summary_large_image","twitter_misc":{"Est. reading time":"1 minutua"},"schema":{"@context":"https:\/\/schema.org","@graph":[{"@type":"WebPage","@id":"https:\/\/barplazagordoniz.com\/productos\/","url":"https:\/\/barplazagordoniz.com\/productos\/","name":"Productos - Bar Plaza Gordoniz","isPartOf":{"@id":"https:\/\/barplazagordoniz.com\/#website"},"primaryImageOfPage":{"@id":"https:\/\/barplazagordoniz.com\/productos\/#primaryimage"},"image":{"@id":"https:\/\/barplazagordoniz.com\/productos\/#primaryimage"},"thumbnailUrl":"https:\/\/barplazagordoniz.com\/wp-content\/uploads\/2025\/10\/6851-1024x683.jpg","datePublished":"2025-09-24T14:14:59+00:00","dateModified":"2025-10-13T15:31:47+00:00","breadcrumb":{"@id":"https:\/\/barplazagordoniz.com\/productos\/#breadcrumb"},"inLanguage":"eu","potentialAction":[{"@type":"ReadAction","target":["https:\/\/barplazagordoniz.com\/productos\/"]}]},{"@type":"ImageObject","inLanguage":"eu","@id":"https:\/\/barplazagordoniz.com\/productos\/#primaryimage","url":"https:\/\/barplazagordoniz.com\/wp-content\/uploads\/2025\/10\/6851-1024x683.jpg","contentUrl":"https:\/\/barplazagordoniz.com\/wp-content\/uploads\/2025\/10\/6851-1024x683.jpg"},{"@type":"BreadcrumbList","@id":"https:\/\/barplazagordoniz.com\/productos\/#breadcrumb","itemListElement":[{"@type":"ListItem","position":1,"name":"Portada","item":"https:\/\/barplazagordoniz.com\/"},{"@type":"ListItem","position":2,"name":"Productos"}]},{"@type":"WebSite","@id":"https:\/\/barplazagordoniz.com\/#website","url":"https:\/\/barplazagordoniz.com\/","name":"Bar Plaza Gordoniz","description":"Caf\u00e9 bar familiar y cercano al consumidor","publisher":{"@id":"https:\/\/barplazagordoniz.com\/#organization"},"potentialAction":[{"@type":"SearchAction","target":{"@type":"EntryPoint","urlTemplate":"https:\/\/barplazagordoniz.com\/?s={search_term_string}"},"query-input":{"@type":"PropertyValueSpecification","valueRequired":true,"valueName":"search_term_string"}}],"inLanguage":"eu"},{"@type":"Organization","@id":"https:\/\/barplazagordoniz.com\/#organization","name":"Bar Plaza Gordoniz","url":"https:\/\/barplazagordoniz.com\/","logo":{"@type":"ImageObject","inLanguage":"eu","@id":"https:\/\/barplazagordoniz.com\/#\/schema\/logo\/image\/","url":"https:\/\/barplazagordoniz.com\/wp-content\/uploads\/2025\/10\/cropped-barplaza202506_logoarriba.jpg","contentUrl":"https:\/\/barplazagordoniz.com\/wp-content\/uploads\/2025\/10\/cropped-barplaza202506_logoarriba.jpg","width":225,"height":222,"caption":"Bar Plaza Gordoniz"},"image":{"@id":"https:\/\/barplazagordoniz.com\/#\/schema\/logo\/image\/"}}]}},"_links":{"self":[{"href":"https:\/\/barplazagordoniz.com\/eu\/wp-json\/wp\/v2\/pages\/13","targetHints":{"allow":["GET"]}}],"collection":[{"href":"https:\/\/barplazagordoniz.com\/eu\/wp-json\/wp\/v2\/pages"}],"about":[{"href":"https:\/\/barplazagordoniz.com\/eu\/wp-json\/wp\/v2\/types\/page"}],"author":[{"embeddable":true,"href":"https:\/\/barplazagordoniz.com\/eu\/wp-json\/wp\/v2\/users\/1"}],"replies":[{"embeddable":true,"href":"https:\/\/barplazagordoniz.com\/eu\/wp-json\/wp\/v2\/comments?post=13"}],"version-history":[{"count":31,"href":"https:\/\/barplazagordoniz.com\/eu\/wp-json\/wp\/v2\/pages\/13\/revisions"}],"predecessor-version":[{"id":177,"href":"https:\/\/barplazagordoniz.com\/eu\/wp-json\/wp\/v2\/pages\/13\/revisions\/177"}],"wp:attachment":[{"href":"https:\/\/barplazagordoniz.com\/eu\/wp-json\/wp\/v2\/media?parent=13"}],"curies":[{"name":"wp","href":"https:\/\/api.w.org\/{rel}","templated":true}]}}