{"id":10,"date":"2025-09-24T14:13:45","date_gmt":"2025-09-24T14:13:45","guid":{"rendered":"https:\/\/barplazagordoniz.rkinformatika.online\/?page_id=10"},"modified":"2025-10-13T15:31:22","modified_gmt":"2025-10-13T15:31:22","slug":"inicio","status":"publish","type":"page","link":"https:\/\/barplazagordoniz.com\/eu\/","title":{"rendered":"Hasiera"},"content":{"rendered":"\t\t<div data-elementor-type=\"wp-page\" data-elementor-id=\"10\" class=\"elementor elementor-10\" data-elementor-post-type=\"page\">\n\t\t\t\t<div class=\"elementor-element elementor-element-8bd73f6 e-flex e-con-boxed e-con e-parent\" data-id=\"8bd73f6\" data-element_type=\"container\" data-e-type=\"container\" data-settings=\"{&quot;background_background&quot;:&quot;slideshow&quot;,&quot;background_slideshow_gallery&quot;:[{&quot;id&quot;:117,&quot;url&quot;:&quot;https:\\\/\\\/barplazagordoniz.com\\\/wp-content\\\/uploads\\\/2025\\\/10\\\/pincho2-scaled.jpg&quot;},{&quot;id&quot;:118,&quot;url&quot;:&quot;https:\\\/\\\/barplazagordoniz.com\\\/wp-content\\\/uploads\\\/2025\\\/10\\\/pinchos.jpg&quot;}],&quot;background_slideshow_lazyload&quot;:&quot;yes&quot;,&quot;background_slideshow_ken_burns&quot;:&quot;yes&quot;,&quot;background_slideshow_loop&quot;:&quot;yes&quot;,&quot;background_slideshow_slide_duration&quot;:5000,&quot;background_slideshow_slide_transition&quot;:&quot;fade&quot;,&quot;background_slideshow_transition_duration&quot;:500,&quot;background_slideshow_ken_burns_zoom_direction&quot;:&quot;in&quot;}\">\n\t\t\t\t\t<div class=\"e-con-inner\">\n\t\t<div class=\"elementor-element elementor-element-d6071eb e-con-full e-flex e-con e-child\" data-id=\"d6071eb\" data-element_type=\"container\" data-e-type=\"container\">\n\t\t\t\t<div class=\"elementor-element elementor-element-64ceb87 elementor-widget elementor-widget-heading\" data-id=\"64ceb87\" data-element_type=\"widget\" data-e-type=\"widget\" data-widget_type=\"heading.default\">\n\t\t\t\t\t<h2 class=\"elementor-heading-title elementor-size-default\">Bienvenidos A<\/h2>\t\t\t\t<\/div>\n\t\t\t\t<div class=\"elementor-element elementor-element-8a22ec7 elementor-widget elementor-widget-heading\" data-id=\"8a22ec7\" data-element_type=\"widget\" data-e-type=\"widget\" data-widget_type=\"heading.default\">\n\t\t\t\t\t<h2 class=\"elementor-heading-title elementor-size-default\">Bar Plaza<\/h2>\t\t\t\t<\/div>\n\t\t\t\t<\/div>\n\t\t\t\t\t<\/div>\n\t\t\t\t<\/div>\n\t\t\t\t<section class=\"elementor-section elementor-top-section elementor-element elementor-element-912ef9f elementor-section-boxed elementor-section-height-default elementor-section-height-default\" data-id=\"912ef9f\" data-element_type=\"section\" data-e-type=\"section\">\n\t\t\t\t\t\t<div class=\"elementor-container elementor-column-gap-default\">\n\t\t\t\t\t<div class=\"elementor-column elementor-col-100 elementor-top-column elementor-element elementor-element-53e6756\" data-id=\"53e6756\" data-element_type=\"column\" data-e-type=\"column\">\n\t\t\t<div class=\"elementor-widget-wrap elementor-element-populated\">\n\t\t\t\t\t\t<section class=\"elementor-section elementor-inner-section elementor-element elementor-element-2cce25d elementor-section-boxed elementor-section-height-default elementor-section-height-default\" data-id=\"2cce25d\" data-element_type=\"section\" data-e-type=\"section\">\n\t\t\t\t\t\t<div class=\"elementor-container elementor-column-gap-no\">\n\t\t\t\t\t<div class=\"elementor-column elementor-col-50 elementor-inner-column elementor-element elementor-element-6325ea3\" data-id=\"6325ea3\" data-element_type=\"column\" data-e-type=\"column\">\n\t\t\t<div class=\"elementor-widget-wrap elementor-element-populated\">\n\t\t\t\t\t\t<div class=\"elementor-element elementor-element-5c305a2 elementor-widget elementor-widget-heading\" data-id=\"5c305a2\" data-element_type=\"widget\" data-e-type=\"widget\" data-widget_type=\"heading.default\">\n\t\t\t\t\t<h2 class=\"elementor-heading-title elementor-size-default\">Sobre Nosotros <\/h2>\t\t\t\t<\/div>\n\t\t\t\t<div class=\"elementor-element elementor-element-8ab7336 elementor-widget elementor-widget-heading\" data-id=\"8ab7336\" data-element_type=\"widget\" data-e-type=\"widget\" data-widget_type=\"heading.default\">\n\t\t\t\t\t<h2 class=\"elementor-heading-title elementor-size-default\">Sabores aut\u00e9nticos<\/h2>\t\t\t\t<\/div>\n\t\t\t\t<div class=\"elementor-element elementor-element-2edbc1f elementor-widget elementor-widget-button\" data-id=\"2edbc1f\" data-element_type=\"widget\" data-e-type=\"widget\" data-widget_type=\"button.default\">\n\t\t\t\t\t\t\t\t\t\t<a class=\"elementor-button elementor-button-link elementor-size-sm elementor-animation-hang\" href=\"https:\/\/barplazagordoniz.com\/productos\/\">\n\t\t\t\t\t\t<span class=\"elementor-button-content-wrapper\">\n\t\t\t\t\t\t\t\t\t<span class=\"elementor-button-text\">Saber M\u00e1s<\/span>\n\t\t\t\t\t<\/span>\n\t\t\t\t\t<\/a>\n\t\t\t\t\t\t\t\t<\/div>\n\t\t\t\t\t<\/div>\n\t\t<\/div>\n\t\t\t\t<div class=\"elementor-column elementor-col-50 elementor-inner-column elementor-element elementor-element-b1036e2\" data-id=\"b1036e2\" data-element_type=\"column\" data-e-type=\"column\">\n\t\t\t<div class=\"elementor-widget-wrap elementor-element-populated\">\n\t\t\t\t\t\t<div class=\"elementor-element elementor-element-9256861 elementor-widget elementor-widget-text-editor\" data-id=\"9256861\" data-element_type=\"widget\" data-e-type=\"widget\" data-widget_type=\"text-editor.default\">\n\t\t\t\t\t\t\t\t\t<p data-start=\"197\" data-end=\"437\">En Bar Plaza,\u00a0creemos que el buen caf\u00e9 y la buena compa\u00f1\u00eda son la base de cada d\u00eda. Somos un caf\u00e9 bar familiar, donde la cercan\u00eda y el trato amable son nuestra mejor carta de presentaci\u00f3n.<\/p><p data-start=\"439\" data-end=\"785\">Desde primera hora de la ma\u00f1ana, te esperamos con el aroma del caf\u00e9 reci\u00e9n hecho y una gran variedad de s\u00e1ndwiches, pinchos y raciones elaborados con productos de calidad. Ya sea para un desayuno tranquilo, un almuerzo r\u00e1pido o unas raciones para compartir con amigos, en Bar Plaza siempre encontrar\u00e1s un ambiente c\u00e1lido y acogedor.<\/p>\t\t\t\t\t\t\t\t<\/div>\n\t\t\t\t\t<\/div>\n\t\t<\/div>\n\t\t\t\t\t<\/div>\n\t\t<\/section>\n\t\t\t\t<section class=\"elementor-section elementor-inner-section elementor-element elementor-element-2eb32e1 elementor-section-boxed elementor-section-height-default elementor-section-height-default\" data-id=\"2eb32e1\" data-element_type=\"section\" data-e-type=\"section\">\n\t\t\t\t\t\t<div class=\"elementor-container elementor-column-gap-no\">\n\t\t\t\t\t<div class=\"elementor-column elementor-col-50 elementor-inner-column elementor-element elementor-element-83de3c7\" data-id=\"83de3c7\" data-element_type=\"column\" data-e-type=\"column\">\n\t\t\t<div class=\"elementor-widget-wrap elementor-element-populated\">\n\t\t\t\t\t\t<div class=\"elementor-element elementor-element-bf4f222 elementor-widget__width-initial elementor-widget elementor-widget-image\" data-id=\"bf4f222\" data-element_type=\"widget\" data-e-type=\"widget\" data-widget_type=\"image.default\">\n\t\t\t\t\t\t\t\t\t\t\t\t\t\t\t<img fetchpriority=\"high\" decoding=\"async\" width=\"2560\" height=\"1707\" src=\"https:\/\/barplazagordoniz.com\/wp-content\/uploads\/2025\/10\/pincho2-scaled.jpg\" class=\"attachment-full size-full wp-image-117\" alt=\"\" srcset=\"https:\/\/barplazagordoniz.com\/wp-content\/uploads\/2025\/10\/pincho2-scaled.jpg 2560w, https:\/\/barplazagordoniz.com\/wp-content\/uploads\/2025\/10\/pincho2-300x200.jpg 300w, https:\/\/barplazagordoniz.com\/wp-content\/uploads\/2025\/10\/pincho2-1024x683.jpg 1024w, https:\/\/barplazagordoniz.com\/wp-content\/uploads\/2025\/10\/pincho2-768x512.jpg 768w, https:\/\/barplazagordoniz.com\/wp-content\/uploads\/2025\/10\/pincho2-1536x1024.jpg 1536w, https:\/\/barplazagordoniz.com\/wp-content\/uploads\/2025\/10\/pincho2-2048x1365.jpg 2048w, https:\/\/barplazagordoniz.com\/wp-content\/uploads\/2025\/10\/pincho2-18x12.jpg 18w\" sizes=\"(max-width: 2560px) 100vw, 2560px\" \/>\t\t\t\t\t\t\t\t\t\t\t\t\t\t\t<\/div>\n\t\t\t\t<div class=\"elementor-element elementor-element-c459c7f elementor-widget__width-initial elementor-widget elementor-widget-image\" data-id=\"c459c7f\" data-element_type=\"widget\" data-e-type=\"widget\" data-widget_type=\"image.default\">\n\t\t\t\t\t\t\t\t\t\t\t\t\t\t\t<img decoding=\"async\" width=\"800\" height=\"600\" src=\"https:\/\/barplazagordoniz.com\/wp-content\/uploads\/2025\/10\/pinchos.jpg\" class=\"attachment-large size-large wp-image-118\" alt=\"\" srcset=\"https:\/\/barplazagordoniz.com\/wp-content\/uploads\/2025\/10\/pinchos.jpg 960w, https:\/\/barplazagordoniz.com\/wp-content\/uploads\/2025\/10\/pinchos-300x225.jpg 300w, https:\/\/barplazagordoniz.com\/wp-content\/uploads\/2025\/10\/pinchos-768x576.jpg 768w, https:\/\/barplazagordoniz.com\/wp-content\/uploads\/2025\/10\/pinchos-16x12.jpg 16w\" sizes=\"(max-width: 800px) 100vw, 800px\" \/>\t\t\t\t\t\t\t\t\t\t\t\t\t\t\t<\/div>\n\t\t\t\t\t<\/div>\n\t\t<\/div>\n\t\t\t\t<div class=\"elementor-column elementor-col-50 elementor-inner-column elementor-element elementor-element-4b95da6\" data-id=\"4b95da6\" data-element_type=\"column\" data-e-type=\"column\">\n\t\t\t<div class=\"elementor-widget-wrap elementor-element-populated\">\n\t\t\t\t\t\t<div class=\"elementor-element elementor-element-71263df elementor-widget elementor-widget-image\" data-id=\"71263df\" data-element_type=\"widget\" data-e-type=\"widget\" data-widget_type=\"image.default\">\n\t\t\t\t\t\t\t\t\t\t\t\t\t\t\t<img decoding=\"async\" width=\"472\" height=\"300\" src=\"https:\/\/barplazagordoniz.com\/wp-content\/uploads\/2025\/10\/Captura-desde-2025-10-13-17-04-05.png\" class=\"attachment-full size-full wp-image-122\" alt=\"\" srcset=\"https:\/\/barplazagordoniz.com\/wp-content\/uploads\/2025\/10\/Captura-desde-2025-10-13-17-04-05.png 472w, https:\/\/barplazagordoniz.com\/wp-content\/uploads\/2025\/10\/Captura-desde-2025-10-13-17-04-05-300x191.png 300w, https:\/\/barplazagordoniz.com\/wp-content\/uploads\/2025\/10\/Captura-desde-2025-10-13-17-04-05-18x12.png 18w\" sizes=\"(max-width: 472px) 100vw, 472px\" \/>\t\t\t\t\t\t\t\t\t\t\t\t\t\t\t<\/div>\n\t\t\t\t\t<\/div>\n\t\t<\/div>\n\t\t\t\t\t<\/div>\n\t\t<\/section>\n\t\t\t\t\t<\/div>\n\t\t<\/div>\n\t\t\t\t\t<\/div>\n\t\t<\/section>\n\t\t\t\t<section class=\"elementor-section elementor-top-section elementor-element elementor-element-0e3a2bf elementor-section-boxed elementor-section-height-default elementor-section-height-default\" data-id=\"0e3a2bf\" data-element_type=\"section\" data-e-type=\"section\" data-settings=\"{&quot;background_background&quot;:&quot;classic&quot;}\">\n\t\t\t\t\t\t\t<div class=\"elementor-background-overlay\"><\/div>\n\t\t\t\t\t\t\t<div class=\"elementor-container elementor-column-gap-default\">\n\t\t\t\t\t<div class=\"elementor-column elementor-col-100 elementor-top-column elementor-element elementor-element-bd04dcc\" data-id=\"bd04dcc\" data-element_type=\"column\" data-e-type=\"column\">\n\t\t\t<div class=\"elementor-widget-wrap elementor-element-populated\">\n\t\t\t\t\t\t<div class=\"elementor-element elementor-element-563693c elementor-widget elementor-widget-heading\" data-id=\"563693c\" data-element_type=\"widget\" data-e-type=\"widget\" data-widget_type=\"heading.default\">\n\t\t\t\t\t<h2 class=\"elementor-heading-title elementor-size-default\">Disfruta del momento<\/h2>\t\t\t\t<\/div>\n\t\t\t\t<div class=\"elementor-element elementor-element-fe004a2 elementor-widget elementor-widget-text-editor\" data-id=\"fe004a2\" data-element_type=\"widget\" data-e-type=\"widget\" data-widget_type=\"text-editor.default\">\n\t\t\t\t\t\t\t\t\t<p data-start=\"492\" data-end=\"603\">Te esperamos con un caf\u00e9 reci\u00e9n hecho y nuestros pinchos m\u00e1s sabrosos.<\/p>\t\t\t\t\t\t\t\t<\/div>\n\t\t\t\t<div class=\"elementor-element elementor-element-8921384 elementor-align-center elementor-widget elementor-widget-button\" data-id=\"8921384\" data-element_type=\"widget\" data-e-type=\"widget\" data-widget_type=\"button.default\">\n\t\t\t\t\t\t\t\t\t\t<a class=\"elementor-button elementor-button-link elementor-size-sm elementor-animation-hang\" href=\"https:\/\/barplazagordoniz.com\/contactos\/\">\n\t\t\t\t\t\t<span class=\"elementor-button-content-wrapper\">\n\t\t\t\t\t\t\t\t\t<span class=\"elementor-button-text\">Contactanos<\/span>\n\t\t\t\t\t<\/span>\n\t\t\t\t\t<\/a>\n\t\t\t\t\t\t\t\t<\/div>\n\t\t\t\t\t<\/div>\n\t\t<\/div>\n\t\t\t\t\t<\/div>\n\t\t<\/section>\n\t\t\t\t<\/div>\n\t\t","protected":false},"excerpt":{"rendered":"<p>Bienvenidos A Bar Plaza Sobre Nosotros Sabores aut\u00e9nticos Saber M\u00e1s En Bar Plaza,\u00a0creemos que el buen caf\u00e9 y la buena compa\u00f1\u00eda son la base de cada d\u00eda. Somos un caf\u00e9 bar familiar, donde la cercan\u00eda y el trato amable son nuestra mejor carta de presentaci\u00f3n. Desde primera hora de la ma\u00f1ana, te esperamos con el [&hellip;]<\/p>\n","protected":false},"author":1,"featured_media":0,"parent":0,"menu_order":0,"comment_status":"closed","ping_status":"closed","template":"elementor_canvas","meta":{"footnotes":""},"class_list":["post-10","page","type-page","status-publish","hentry"],"yoast_head":"<!-- This site is optimized with the Yoast SEO plugin v27.3 - https:\/\/yoast.com\/product\/yoast-seo-wordpress\/ -->\n<title>Inicio - Bar Plaza Gordoniz<\/title>\n<meta name=\"robots\" content=\"index, follow, max-snippet:-1, max-image-preview:large, max-video-preview:-1\" \/>\n<link rel=\"canonical\" href=\"https:\/\/barplazagordoniz.com\/eu\/\" \/>\n<meta property=\"og:locale\" content=\"en_US\" \/>\n<meta property=\"og:type\" content=\"article\" \/>\n<meta property=\"og:title\" content=\"Inicio - Bar Plaza Gordoniz\" \/>\n<meta property=\"og:description\" content=\"Bienvenidos A Bar Plaza Sobre Nosotros Sabores aut\u00e9nticos Saber M\u00e1s En Bar Plaza,\u00a0creemos que el buen caf\u00e9 y la buena compa\u00f1\u00eda son la base de cada d\u00eda. Somos un caf\u00e9 bar familiar, donde la cercan\u00eda y el trato amable son nuestra mejor carta de presentaci\u00f3n. Desde primera hora de la ma\u00f1ana, te esperamos con el [&hellip;]\" \/>\n<meta property=\"og:url\" content=\"https:\/\/barplazagordoniz.com\/eu\/\" \/>\n<meta property=\"og:site_name\" content=\"Bar Plaza Gordoniz\" \/>\n<meta property=\"article:modified_time\" content=\"2025-10-13T15:31:22+00:00\" \/>\n<meta property=\"og:image\" content=\"https:\/\/barplazagordoniz.com\/wp-content\/uploads\/2025\/10\/pincho2-scaled.jpg\" \/>\n<meta name=\"twitter:card\" content=\"summary_large_image\" \/>\n<meta name=\"twitter:label1\" content=\"Est. reading time\" \/>\n\t<meta name=\"twitter:data1\" content=\"1 minutua\" \/>\n<script type=\"application\/ld+json\" class=\"yoast-schema-graph\">{\"@context\":\"https:\\\/\\\/schema.org\",\"@graph\":[{\"@type\":\"WebPage\",\"@id\":\"https:\\\/\\\/barplazagordoniz.com\\\/\",\"url\":\"https:\\\/\\\/barplazagordoniz.com\\\/\",\"name\":\"Inicio - Bar Plaza Gordoniz\",\"isPartOf\":{\"@id\":\"https:\\\/\\\/barplazagordoniz.com\\\/#website\"},\"primaryImageOfPage\":{\"@id\":\"https:\\\/\\\/barplazagordoniz.com\\\/#primaryimage\"},\"image\":{\"@id\":\"https:\\\/\\\/barplazagordoniz.com\\\/#primaryimage\"},\"thumbnailUrl\":\"https:\\\/\\\/barplazagordoniz.com\\\/wp-content\\\/uploads\\\/2025\\\/10\\\/pincho2-scaled.jpg\",\"datePublished\":\"2025-09-24T14:13:45+00:00\",\"dateModified\":\"2025-10-13T15:31:22+00:00\",\"breadcrumb\":{\"@id\":\"https:\\\/\\\/barplazagordoniz.com\\\/#breadcrumb\"},\"inLanguage\":\"eu\",\"potentialAction\":[{\"@type\":\"ReadAction\",\"target\":[\"https:\\\/\\\/barplazagordoniz.com\\\/\"]}]},{\"@type\":\"ImageObject\",\"inLanguage\":\"eu\",\"@id\":\"https:\\\/\\\/barplazagordoniz.com\\\/#primaryimage\",\"url\":\"https:\\\/\\\/barplazagordoniz.com\\\/wp-content\\\/uploads\\\/2025\\\/10\\\/pincho2-scaled.jpg\",\"contentUrl\":\"https:\\\/\\\/barplazagordoniz.com\\\/wp-content\\\/uploads\\\/2025\\\/10\\\/pincho2-scaled.jpg\"},{\"@type\":\"BreadcrumbList\",\"@id\":\"https:\\\/\\\/barplazagordoniz.com\\\/#breadcrumb\",\"itemListElement\":[{\"@type\":\"ListItem\",\"position\":1,\"name\":\"Portada\",\"item\":\"https:\\\/\\\/barplazagordoniz.com\\\/\"},{\"@type\":\"ListItem\",\"position\":2,\"name\":\"Inicio\"}]},{\"@type\":\"WebSite\",\"@id\":\"https:\\\/\\\/barplazagordoniz.com\\\/#website\",\"url\":\"https:\\\/\\\/barplazagordoniz.com\\\/\",\"name\":\"Bar Plaza Gordoniz\",\"description\":\"Caf\u00e9 bar familiar y cercano al consumidor\",\"publisher\":{\"@id\":\"https:\\\/\\\/barplazagordoniz.com\\\/#organization\"},\"potentialAction\":[{\"@type\":\"SearchAction\",\"target\":{\"@type\":\"EntryPoint\",\"urlTemplate\":\"https:\\\/\\\/barplazagordoniz.com\\\/?s={search_term_string}\"},\"query-input\":{\"@type\":\"PropertyValueSpecification\",\"valueRequired\":true,\"valueName\":\"search_term_string\"}}],\"inLanguage\":\"eu\"},{\"@type\":\"Organization\",\"@id\":\"https:\\\/\\\/barplazagordoniz.com\\\/#organization\",\"name\":\"Bar Plaza Gordoniz\",\"url\":\"https:\\\/\\\/barplazagordoniz.com\\\/\",\"logo\":{\"@type\":\"ImageObject\",\"inLanguage\":\"eu\",\"@id\":\"https:\\\/\\\/barplazagordoniz.com\\\/#\\\/schema\\\/logo\\\/image\\\/\",\"url\":\"https:\\\/\\\/barplazagordoniz.com\\\/wp-content\\\/uploads\\\/2025\\\/10\\\/cropped-barplaza202506_logoarriba.jpg\",\"contentUrl\":\"https:\\\/\\\/barplazagordoniz.com\\\/wp-content\\\/uploads\\\/2025\\\/10\\\/cropped-barplaza202506_logoarriba.jpg\",\"width\":225,\"height\":222,\"caption\":\"Bar Plaza Gordoniz\"},\"image\":{\"@id\":\"https:\\\/\\\/barplazagordoniz.com\\\/#\\\/schema\\\/logo\\\/image\\\/\"}}]}<\/script>\n<!-- \/ Yoast SEO plugin. -->","yoast_head_json":{"title":"Inicio - Bar Plaza Gordoniz","robots":{"index":"index","follow":"follow","max-snippet":"max-snippet:-1","max-image-preview":"max-image-preview:large","max-video-preview":"max-video-preview:-1"},"canonical":"https:\/\/barplazagordoniz.com\/eu\/","og_locale":"en_US","og_type":"article","og_title":"Inicio - Bar Plaza Gordoniz","og_description":"Bienvenidos A Bar Plaza Sobre Nosotros Sabores aut\u00e9nticos Saber M\u00e1s En Bar Plaza,\u00a0creemos que el buen caf\u00e9 y la buena compa\u00f1\u00eda son la base de cada d\u00eda. Somos un caf\u00e9 bar familiar, donde la cercan\u00eda y el trato amable son nuestra mejor carta de presentaci\u00f3n. Desde primera hora de la ma\u00f1ana, te esperamos con el [&hellip;]","og_url":"https:\/\/barplazagordoniz.com\/eu\/","og_site_name":"Bar Plaza Gordoniz","article_modified_time":"2025-10-13T15:31:22+00:00","og_image":[{"url":"https:\/\/barplazagordoniz.com\/wp-content\/uploads\/2025\/10\/pincho2-scaled.jpg","type":"","width":"","height":""}],"twitter_card":"summary_large_image","twitter_misc":{"Est. reading time":"1 minutua"},"schema":{"@context":"https:\/\/schema.org","@graph":[{"@type":"WebPage","@id":"https:\/\/barplazagordoniz.com\/","url":"https:\/\/barplazagordoniz.com\/","name":"Inicio - Bar Plaza Gordoniz","isPartOf":{"@id":"https:\/\/barplazagordoniz.com\/#website"},"primaryImageOfPage":{"@id":"https:\/\/barplazagordoniz.com\/#primaryimage"},"image":{"@id":"https:\/\/barplazagordoniz.com\/#primaryimage"},"thumbnailUrl":"https:\/\/barplazagordoniz.com\/wp-content\/uploads\/2025\/10\/pincho2-scaled.jpg","datePublished":"2025-09-24T14:13:45+00:00","dateModified":"2025-10-13T15:31:22+00:00","breadcrumb":{"@id":"https:\/\/barplazagordoniz.com\/#breadcrumb"},"inLanguage":"eu","potentialAction":[{"@type":"ReadAction","target":["https:\/\/barplazagordoniz.com\/"]}]},{"@type":"ImageObject","inLanguage":"eu","@id":"https:\/\/barplazagordoniz.com\/#primaryimage","url":"https:\/\/barplazagordoniz.com\/wp-content\/uploads\/2025\/10\/pincho2-scaled.jpg","contentUrl":"https:\/\/barplazagordoniz.com\/wp-content\/uploads\/2025\/10\/pincho2-scaled.jpg"},{"@type":"BreadcrumbList","@id":"https:\/\/barplazagordoniz.com\/#breadcrumb","itemListElement":[{"@type":"ListItem","position":1,"name":"Portada","item":"https:\/\/barplazagordoniz.com\/"},{"@type":"ListItem","position":2,"name":"Inicio"}]},{"@type":"WebSite","@id":"https:\/\/barplazagordoniz.com\/#website","url":"https:\/\/barplazagordoniz.com\/","name":"Bar Plaza Gordoniz","description":"Caf\u00e9 bar familiar y cercano al consumidor","publisher":{"@id":"https:\/\/barplazagordoniz.com\/#organization"},"potentialAction":[{"@type":"SearchAction","target":{"@type":"EntryPoint","urlTemplate":"https:\/\/barplazagordoniz.com\/?s={search_term_string}"},"query-input":{"@type":"PropertyValueSpecification","valueRequired":true,"valueName":"search_term_string"}}],"inLanguage":"eu"},{"@type":"Organization","@id":"https:\/\/barplazagordoniz.com\/#organization","name":"Bar Plaza Gordoniz","url":"https:\/\/barplazagordoniz.com\/","logo":{"@type":"ImageObject","inLanguage":"eu","@id":"https:\/\/barplazagordoniz.com\/#\/schema\/logo\/image\/","url":"https:\/\/barplazagordoniz.com\/wp-content\/uploads\/2025\/10\/cropped-barplaza202506_logoarriba.jpg","contentUrl":"https:\/\/barplazagordoniz.com\/wp-content\/uploads\/2025\/10\/cropped-barplaza202506_logoarriba.jpg","width":225,"height":222,"caption":"Bar Plaza Gordoniz"},"image":{"@id":"https:\/\/barplazagordoniz.com\/#\/schema\/logo\/image\/"}}]}},"_links":{"self":[{"href":"https:\/\/barplazagordoniz.com\/eu\/wp-json\/wp\/v2\/pages\/10","targetHints":{"allow":["GET"]}}],"collection":[{"href":"https:\/\/barplazagordoniz.com\/eu\/wp-json\/wp\/v2\/pages"}],"about":[{"href":"https:\/\/barplazagordoniz.com\/eu\/wp-json\/wp\/v2\/types\/page"}],"author":[{"embeddable":true,"href":"https:\/\/barplazagordoniz.com\/eu\/wp-json\/wp\/v2\/users\/1"}],"replies":[{"embeddable":true,"href":"https:\/\/barplazagordoniz.com\/eu\/wp-json\/wp\/v2\/comments?post=10"}],"version-history":[{"count":37,"href":"https:\/\/barplazagordoniz.com\/eu\/wp-json\/wp\/v2\/pages\/10\/revisions"}],"predecessor-version":[{"id":174,"href":"https:\/\/barplazagordoniz.com\/eu\/wp-json\/wp\/v2\/pages\/10\/revisions\/174"}],"wp:attachment":[{"href":"https:\/\/barplazagordoniz.com\/eu\/wp-json\/wp\/v2\/media?parent=10"}],"curies":[{"name":"wp","href":"https:\/\/api.w.org\/{rel}","templated":true}]}}